{"id":4356,"date":"2020-10-22T06:22:50","date_gmt":"2020-10-22T06:22:50","guid":{"rendered":"http:\/\/www.rinaldi.al\/product\/eggplant\/"},"modified":"2020-10-30T16:35:44","modified_gmt":"2020-10-30T16:35:44","slug":"eggplant","status":"publish","type":"product","link":"https:\/\/www.rinaldi.al\/sq\/product\/eggplant\/","title":{"rendered":"Pat\u00ebllxhane"},"content":{"rendered":"","protected":false},"excerpt":{"rendered":"<p>Pyesni stafin ton\u00eb p\u00ebr disponimin e produktit, paketimin e produktit, \u00e7mimin q\u00eb luhatet sipas periudhes, ose gj\u00ebra t\u00eb tjera n\u00eb lidhje me porosin\u00eb q\u00eb d\u00ebshironi t\u00eb b\u00ebni.<br \/>\n[contact-form-7 id=\"4385\" title=\"CT_AL\"]<\/p>\n","protected":false},"featured_media":4150,"template":"","meta":[],"product_cat":[175],"product_tag":[],"_links":{"self":[{"href":"https:\/\/www.rinaldi.al\/sq\/wp-json\/wp\/v2\/product\/4356"}],"collection":[{"href":"https:\/\/www.rinaldi.al\/sq\/wp-json\/wp\/v2\/product"}],"about":[{"href":"https:\/\/www.rinaldi.al\/sq\/wp-json\/wp\/v2\/types\/product"}],"wp:featuredmedia":[{"embeddable":true,"href":"https:\/\/www.rinaldi.al\/sq\/wp-json\/wp\/v2\/media\/4150"}],"wp:attachment":[{"href":"https:\/\/www.rinaldi.al\/sq\/wp-json\/wp\/v2\/media?parent=4356"}],"wp:term":[{"taxonomy":"product_cat","embeddable":true,"href":"https:\/\/www.rinaldi.al\/sq\/wp-json\/wp\/v2\/product_cat?post=4356"},{"taxonomy":"product_tag","embeddable":true,"href":"https:\/\/www.rinaldi.al\/sq\/wp-json\/wp\/v2\/product_tag?post=4356"}],"curies":[{"name":"wp","href":"https:\/\/api.w.org\/{rel}","templated":true}]}}