{"id":4334,"date":"2020-10-22T06:27:57","date_gmt":"2020-10-22T06:27:57","guid":{"rendered":"http:\/\/www.rinaldi.al\/product\/nectarine\/"},"modified":"2020-10-30T16:33:02","modified_gmt":"2020-10-30T16:33:02","slug":"nectarine","status":"publish","type":"product","link":"https:\/\/www.rinaldi.al\/sq\/product\/nectarine\/","title":{"rendered":"Nektarin\u00eb"},"content":{"rendered":"","protected":false},"excerpt":{"rendered":"<p>Pyesni stafin ton\u00eb p\u00ebr disponimin e produktit, paketimin e produktit, \u00e7mimin q\u00eb luhatet sipas periudhes, ose gj\u00ebra t\u00eb tjera n\u00eb lidhje me porosin\u00eb q\u00eb d\u00ebshironi t\u00eb b\u00ebni.<br \/>\n[contact-form-7 id=\"4385\" title=\"CT_AL\"]<\/p>\n","protected":false},"featured_media":4290,"template":"","meta":[],"product_cat":[174],"product_tag":[],"_links":{"self":[{"href":"https:\/\/www.rinaldi.al\/sq\/wp-json\/wp\/v2\/product\/4334"}],"collection":[{"href":"https:\/\/www.rinaldi.al\/sq\/wp-json\/wp\/v2\/product"}],"about":[{"href":"https:\/\/www.rinaldi.al\/sq\/wp-json\/wp\/v2\/types\/product"}],"wp:featuredmedia":[{"embeddable":true,"href":"https:\/\/www.rinaldi.al\/sq\/wp-json\/wp\/v2\/media\/4290"}],"wp:attachment":[{"href":"https:\/\/www.rinaldi.al\/sq\/wp-json\/wp\/v2\/media?parent=4334"}],"wp:term":[{"taxonomy":"product_cat","embeddable":true,"href":"https:\/\/www.rinaldi.al\/sq\/wp-json\/wp\/v2\/product_cat?post=4334"},{"taxonomy":"product_tag","embeddable":true,"href":"https:\/\/www.rinaldi.al\/sq\/wp-json\/wp\/v2\/product_tag?post=4334"}],"curies":[{"name":"wp","href":"https:\/\/api.w.org\/{rel}","templated":true}]}}