{"id":4506,"date":"2016-02-23T14:25:14","date_gmt":"2016-02-23T14:25:14","guid":{"rendered":"http:\/\/www.rinaldi.al\/about-rinaldi-fruit-and-vegetables-export-from-albania\/"},"modified":"2020-11-01T12:18:08","modified_gmt":"2020-11-01T12:18:08","slug":"about-rinaldi-fruit-and-vegetables-export-from-albania","status":"publish","type":"page","link":"https:\/\/www.rinaldi.al\/sq\/about-rinaldi-fruit-and-vegetables-export-from-albania\/","title":{"rendered":"Rreth nesh"},"content":{"rendered":"<div class=\"wpb-content-wrapper\"><p>[vc_row full_width=&#8221;stretch_row&#8221; css=&#8221;.vc_custom_1603821178926{background-position: center !important;background-repeat: no-repeat !important;background-size: cover !important;}&#8221;][vc_column]<section  id=\"single-69e2e23d75eb3\" class=\"header-single vertical-flex m0 image-bg   parallax  p0 fullscreen \" style=\"\"><div class=\"background-content\"><img loading=\"lazy\" decoding=\"async\" width=\"1920\" height=\"1080\" src=\"https:\/\/www.rinaldi.al\/wp-content\/uploads\/2020\/10\/3as.jpg\" class=\"background-image\" alt=\"\" srcset=\"https:\/\/www.rinaldi.al\/wp-content\/uploads\/2020\/10\/3as.jpg 1920w, https:\/\/www.rinaldi.al\/wp-content\/uploads\/2020\/10\/3as-300x169.jpg 300w, https:\/\/www.rinaldi.al\/wp-content\/uploads\/2020\/10\/3as-1024x576.jpg 1024w, https:\/\/www.rinaldi.al\/wp-content\/uploads\/2020\/10\/3as-768x432.jpg 768w, https:\/\/www.rinaldi.al\/wp-content\/uploads\/2020\/10\/3as-1536x864.jpg 1536w, https:\/\/www.rinaldi.al\/wp-content\/uploads\/2020\/10\/3as-600x338.jpg 600w\" sizes=\"(max-width: 1920px) 100vw, 1920px\" \/><div  class=\"background-overlay\"><\/div><\/div><div  class=\"container vertical-flex-column item-content \"><div class=\"row\"><div class=\"standard-slide col-md-10 col-md-offset-1 col-sm-12 text-right\"><h1 class=\"heading-title-bold\">NDIEJ SHIJEN<\/h1><div class=\"lead\" >Prodhime rritura n\u00eb m\u00ebnyre natyrale<\/div><div class=\"heading-content\"><\/div><div class=\"mt24 mt-xs-0\"><a  id=\"btn-69e2e23d75eb4\"  class=\"btn-sm-sm btn-lg m0 btn-new btn-1 btn-1c ti-arrow-right \" href= \"http:\/\/www.rinaldi.al\/sq\/our-produce\/\"  >Shfleto<\/a><\/div>\n                <\/div><\/div><\/div><script type=\"text\/javascript\">jQuery(document).ready(function(){jQuery('head').append('<style type=\"text\/css\" id=\"tlg-custom-css-single-69e2e23d75eb3\">#single-69e2e23d75eb3 h1{text-shadow:none;font-size:100px;line-height:110px;letter-spacing:5px!important;text-transform: uppercase!important;}#single-69e2e23d75eb3 .lead{text-shadow:none;font-size:21px;line-height:26px;text-transform: uppercase!important;}#single-69e2e23d75eb3 .heading-content p{text-shadow:none;text-transform: none!important;}<\/style>');});<\/script><\/section>[\/vc_column][\/vc_row][vc_row tlg_padding=&#8221;pb0&#8243;][vc_column]<div class=\"headings-title\"><div class=\"mb72 mb-xs-40 text-center\"><div style=\"font-size:15px;line-height:20px;text-transform: none!important;\" class=\"widgetsubtitle mb8\">Adresa juaj e vetme p\u00ebr t\u00eb gjitha llojet e frutave dhe perimeve t\u00eb fresk\u00ebta.<\/div><h5 style=\"font-size:32px;line-height:42px;text-transform: none!important;\" class=\"widgettitle mb0\">Pse ne ?<\/h5><\/div><\/div>[\/vc_column][\/vc_row][vc_row tlg_padding=&#8221;pt0&#8243;][vc_column width=&#8221;1\/3&#8243;]<div id=\"iconbox-69e2e23d76590\" class=\"\"><div class=\"icon-link\"><a class=\"inherit\" href= \"#\" target=\"_self\" ><div class=\"relative mb0 text-center\">\n\t\t\t\t\t\t\t<div class=\"icon-image\"><img decoding=\"async\" src=\"https:\/\/www.rinaldi.al\/wp-content\/uploads\/2020\/10\/as1.jpg\" alt=\"icon-image\" \/><div class=\"image-overlay\"><i class=\"ti-check-box\"><\/i><\/div><\/div>\n\t\t\t\t\t\t\t<h5 style=\"font-size:22px!important;line-height:32px;text-transform: none!important;\" class=\"widgettitle mb0\">Shije Natyre<\/h5>\n\t\t\t\t\t\t\t<div style=\"text-transform: none!important;\" class=\"widgetsubtitle mb16\">Prodhime t\u00eb rritura n\u00eb m\u00ebnyr\u00eb naturale<\/div>\n\t\t\t\t\t\t\t<div  class=\"icon-content\"><p>Prodhimi i fresk\u00ebt i rritur n\u00eb m\u00ebnyr\u00eb natyrale n\u00eb Fermat shqiptare, plot diell e b\u00ebn prodhimin ton\u00eb t\u00eb ruaj shijen dhe er\u00ebn e tij, duke e b\u00ebr\u00eb klientin tuaj t\u00eb ndiej\u00eb shijen.<\/p>\n<\/div> \n\t\t\t\t\t\t<\/div><\/a><\/div><\/div><script type=\"text\/javascript\">jQuery(document).ready(function(){jQuery('head').append('<style type=\"text\/css\" id=\"tlg-custom-css-iconbox-69e2e23d76590\">#iconbox-69e2e23d76590 .icon-link:hover .icon-image .image-overlay{background: rgba(0,163,35,0.8);}#iconbox-69e2e23d76590 .icon-link:hover .widgettitle{color:#28262b!important;}<\/style>');});<\/script>[\/vc_column][vc_column width=&#8221;1\/3&#8243;]<div id=\"iconbox-69e2e23d76c45\" class=\"\"><div class=\"icon-link\"><a class=\"inherit\" href= \"#\" target=\"_self\" ><div class=\"relative mb0 text-center\">\n\t\t\t\t\t\t\t<div class=\"icon-image\"><img decoding=\"async\" src=\"https:\/\/www.rinaldi.al\/wp-content\/uploads\/2020\/10\/cabbage-fruit-and-vegetables-export-from-albania6-600x600.jpg\" alt=\"icon-image\" \/><div class=\"image-overlay\"><i class=\"ti-check-box\"><\/i><\/div><\/div>\n\t\t\t\t\t\t\t<h5 style=\"font-size:22px!important;line-height:32px;text-transform: none!important;\" class=\"widgettitle mb0\">Shum\u00ebllojshm\u00ebria e produkteve<\/h5>\n\t\t\t\t\t\t\t<div style=\"text-transform: none!important;\" class=\"widgetsubtitle mb16\">Gama e gjer\u00eb e prodhimeve<\/div>\n\t\t\t\t\t\t\t<div  class=\"icon-content\"><p>Klima jon\u00eb mesdhetare dhe toka pjellore ofron nj\u00eb gam\u00eb t\u00eb gjer\u00eb t\u00eb frutave dhe perimeve t\u00eb fresk\u00ebta.<\/p>\n<\/div> \n\t\t\t\t\t\t<\/div><\/a><\/div><\/div><script type=\"text\/javascript\">jQuery(document).ready(function(){jQuery('head').append('<style type=\"text\/css\" id=\"tlg-custom-css-iconbox-69e2e23d76c45\">#iconbox-69e2e23d76c45 .icon-link:hover .icon-image .image-overlay{background: rgba(0,163,35,0.8);}#iconbox-69e2e23d76c45 .icon-link:hover .widgettitle{color:#000000!important;}<\/style>');});<\/script>[\/vc_column][vc_column width=&#8221;1\/3&#8243;]<div id=\"iconbox-69e2e23d77297\" class=\"\"><div class=\"icon-link\"><a class=\"inherit\" href= \"#\" target=\"_self\" ><div class=\"relative mb0 text-center\">\n\t\t\t\t\t\t\t<div class=\"icon-image\"><img decoding=\"async\" src=\"https:\/\/www.rinaldi.al\/wp-content\/uploads\/2020\/10\/zucchinir-fruit-and-vegetables-export-from-albania1-600x600.jpg\" alt=\"icon-image\" \/><div class=\"image-overlay\"><i class=\"ti-check-box\"><\/i><\/div><\/div>\n\t\t\t\t\t\t\t<h5 style=\"font-size:22px!important;line-height:32px;text-transform: none!important;\" class=\"widgettitle mb0\">Staf profesional<\/h5>\n\t\t\t\t\t\t\t<div style=\"text-transform: none!important;\" class=\"widgetsubtitle mb16\">Skuad\u00ebr me p\u00ebrvoj\u00eb<\/div>\n\t\t\t\t\t\t\t<div  class=\"icon-content\"><p>Ne jemi nj\u00eb ekip profesionist\u00ebsh me p\u00ebrvoj\u00eb, i cili ka nj\u00eb njohuri t\u00eb thell\u00eb n\u00eb lidhje me eksportin e produkteve agrare<\/p>\n<\/div> \n\t\t\t\t\t\t<\/div><\/a><\/div><\/div><script type=\"text\/javascript\">jQuery(document).ready(function(){jQuery('head').append('<style type=\"text\/css\" id=\"tlg-custom-css-iconbox-69e2e23d77297\">#iconbox-69e2e23d77297 .icon-link:hover .icon-image .image-overlay{background: rgba(0,163,35,0.8);}#iconbox-69e2e23d77297 .icon-link:hover .widgettitle{color:#28262b!important;}<\/style>');});<\/script>[\/vc_column][\/vc_row][vc_row tlg_padding=&#8221;pt180 pb180 pt-xs-80 pb-xs-80&#8243; tlg_enable_overlay=&#8221;yes&#8221; tlg_text_align=&#8221;text-center&#8221; css=&#8221;.vc_custom_1603826059937{background-image: url(http:\/\/www.rinaldi.al\/wp-content\/uploads\/2020\/10\/sliderat5.jpg?id=4597) !important;}&#8221; tlg_bg_overlay=&#8221;#000000&#8243; tlg_bg_overlay_value=&#8221;3&#8243;][vc_column width=&#8221;1\/6&#8243;][\/vc_column][vc_column width=&#8221;2\/3&#8243;]<div class=\"headings-title\"><div class=\"mb40  mb-xs-40 text-center\"><h5 style=\"color:#ffffff!important;font-size:75px;line-height:85px;text-transform: none!important;\" class=\"widgettitle \">\u00c7mimi konkurrues<\/h5><div class=\"divider-wrap\"><div class=\"tlg-divider\"><\/div><\/div><div style=\"color:#ffffff!important;font-size:23px;line-height:28px;padding-top:35px;text-transform: none!important;\" class=\"widgetsubtitle\">Kompania ofron \u00e7mim konkurrues, duke e b\u00ebr\u00eb fitimprur\u00ebse p\u00ebr ju t\u00eb importoni produkte q\u00eb mbledhim.<\/div><\/div><\/div><div class=\"\"><a  id=\"btn-69e2e23d77a1e\" class=\"btn btn-rounded btn-lg ti-arrow-right  btn-sm-sm\" href= \"http:\/\/www.rinaldi.al\/sq\/our-produce\/\" target=\"_self\" >Eksploroni produkte<\/a><\/div>[\/vc_column][vc_column width=&#8221;1\/6&#8243;][\/vc_column][\/vc_row][vc_row full_width=&#8221;stretch_row&#8221; tlg_background_style=&#8221;bg-secondary&#8221; tlg_equal_height=&#8221;equal-height&#8221; css=&#8221;.vc_custom_1461811332038{background-color: #f7f7f7 !important;}&#8221;][vc_column width=&#8221;1\/3&#8243; css=&#8221;.vc_custom_1603607140762{padding-top: 80px !important;padding-right: 80px !important;padding-bottom: 60px !important;padding-left: 80px !important;background-color: #00a323 !important;}&#8221;]<div class=\"headings-title\"><div class=\"mb16 mb-xs-40 text-left\"><div style=\"color:#ffffff!important;text-transform: none!important;\" class=\"widgetsubtitle mb8\">Kompania jone<\/div><h5 style=\"color:#ffffff!important;font-size:22px;line-height:32px;text-transform: none!important;\" class=\"widgettitle mb0\">M\u00eb shum\u00eb rreth nesh<\/h5><\/div><\/div>[vc_column_text el_class=&#8221;color-white&#8221;]Rinaldi l.t.d \u00ebsht\u00eb nj\u00eb kompani e re shqiptare, e krijuar n\u00eb 2015, por themeluesit e saj kan\u00eb nj\u00eb p\u00ebrvoj\u00eb profesionale, gjat\u00eb gjith\u00eb jet\u00ebs n\u00eb sektorin e frutave dhe perimeve.<\/p>\n<p>Kompania \u00ebsht\u00eb e regjistruar me numrin e identifikimit NUIS L53409401T n\u00eb Shqip\u00ebri.<br \/>\nKompania \u00ebsht\u00eb e vendosur n\u00eb dy nga zonat m\u00eb produktive t\u00eb Shqip\u00ebris\u00eb, Velmish dhe Lushnje p\u00ebr t\u00eb qen\u00eb pran\u00eb fermave dhe p\u00ebr t\u00eb siguruar freski t\u00eb prodhimeve.[\/vc_column_text]<div class=\"\"><a  id=\"btn-69e2e23d77a7c\" class=\"btn btn-filled btn-light btn-rounded  ti-arrow-right  btn-sm-sm\" href= \"http:\/\/www.rinaldi.al\/sq\/contact-us\/\" target=\"_self\" >Na kontaktoni<\/a><\/div>[\/vc_column][vc_column width=&#8221;1\/3&#8243; css=&#8221;.vc_custom_1461722476368{padding-top: 80px !important;padding-right: 40px !important;padding-bottom: 80px !important;padding-left: 80px !important;}&#8221;]<div id=\"iconbox-69e2e23d77aa4\" class=\"\"><div class=\"icon-link\"><div class=\"display-table mb16 mb-xs-24 text-left\">\n\t\t\t\t    \t\t<div class=\"display-cell vertical-top\">\n\t\t\t\t    \t\t\t<i style=\"font-size:34px!important;color:#00a323;\" class=\"ti-user  inline-block mb16 mr-25 ms-text icon-lg\"><\/i>\n\t\t\t\t    \t\t<\/div>\n\t\t\t\t    \t\t<div class=\"display-cell\">\n\t\t\t\t    \t\t\t<h5 style=\"font-size:22px!important;line-height:32px;text-transform: none!important;\" class=\"widgettitle mb8\">Kontakt i drejtp\u00ebrdrejt\u00eb<\/h5>\n\t\t\t\t    \t\t\t<div style=\"text-transform: none!important;\" class=\"widgetsubtitle\"><\/div>\n\t\t\t\t    \t\t\t<div  class=\"icon-content\"><p>P\u00ebr Rinaldi sh.p.k, kontakti i drejtp\u00ebrdrejt\u00eb me prodhuesin \u00ebsht\u00eb thelb\u00ebsor.<\/p>\n<\/div>\n\t\t\t\t    \t\t<\/div>\n\t\t\t\t    \t<\/div><\/div><\/div><div id=\"iconbox-69e2e23d77ad2\" class=\"\"><div class=\"icon-link\"><div class=\"display-table mb16 mb-xs-24 text-left\">\n\t\t\t\t    \t\t<div class=\"display-cell vertical-top\">\n\t\t\t\t    \t\t\t<i style=\"font-size:34px!important;color:#00a323;\" class=\"ti-unlink  inline-block mb16 mr-25 ms-text icon-lg\"><\/i>\n\t\t\t\t    \t\t<\/div>\n\t\t\t\t    \t\t<div class=\"display-cell\">\n\t\t\t\t    \t\t\t<h5 style=\"font-size:22px!important;line-height:32px;text-transform: none!important;\" class=\"widgettitle mb8\">Direkt nga Prodhuesi<\/h5>\n\t\t\t\t    \t\t\t<div style=\"text-transform: none!important;\" class=\"widgetsubtitle\"><\/div>\n\t\t\t\t    \t\t\t<div  class=\"icon-content\"><p>Ne aplikojm\u00eb nj\u00eb zinxhir t\u00eb shkurt\u00ebr n\u00eb shp\u00ebrndarje, nga fusha drejtp\u00ebrdrejt te klienti juaj.<\/p>\n<\/div>\n\t\t\t\t    \t\t<\/div>\n\t\t\t\t    \t<\/div><\/div><\/div><div id=\"iconbox-69e2e23d77b05\" class=\"\"><div class=\"icon-link\"><div class=\"display-table mb16 mb-xs-24 text-left\">\n\t\t\t\t    \t\t<div class=\"display-cell vertical-top\">\n\t\t\t\t    \t\t\t<i style=\"font-size:34px!important;color:#00a323;\" class=\"ti-pencil-alt  inline-block mb16 mr-25 ms-text icon-lg\"><\/i>\n\t\t\t\t    \t\t<\/div>\n\t\t\t\t    \t\t<div class=\"display-cell\">\n\t\t\t\t    \t\t\t<h5 style=\"font-size:22px!important;line-height:32px;text-transform: none!important;\" class=\"widgettitle mb8\">Paketimi<\/h5>\n\t\t\t\t    \t\t\t<div style=\"text-transform: none!important;\" class=\"widgetsubtitle\"><\/div>\n\t\t\t\t    \t\t\t<div  class=\"icon-content\"><p>Ne sigurojm\u00eb paketim dhe paketim t\u00eb personalizuar, t\u00eb p\u00ebrshtatur p\u00ebr nevojat e klient\u00ebve<\/p>\n<\/div>\n\t\t\t\t    \t\t<\/div>\n\t\t\t\t    \t<\/div><\/div><\/div>[\/vc_column][vc_column width=&#8221;1\/3&#8243; css=&#8221;.vc_custom_1461722499445{padding-top: 80px !important;padding-right: 80px !important;padding-bottom: 80px !important;padding-left: 40px !important;}&#8221;]<div id=\"iconbox-69e2e23d77b46\" class=\"\"><div class=\"icon-link\"><div class=\"display-table mb16 mb-xs-24 text-left\">\n\t\t\t\t    \t\t<div class=\"display-cell vertical-top\">\n\t\t\t\t    \t\t\t<i style=\"font-size:34px!important;color:#00a323;\" class=\"ti-truck  inline-block mb16 mr-25 ms-text icon-lg\"><\/i>\n\t\t\t\t    \t\t<\/div>\n\t\t\t\t    \t\t<div class=\"display-cell\">\n\t\t\t\t    \t\t\t<h5 style=\"font-size:22px!important;line-height:32px;text-transform: none!important;\" class=\"widgettitle mb8\">Eksport n\u00eb Evrop\u00eb<\/h5>\n\t\t\t\t    \t\t\t<div style=\"text-transform: none!important;\" class=\"widgetsubtitle\"><\/div>\n\t\t\t\t    \t\t\t<div  class=\"icon-content\"><p>Kompania jon\u00eb eksporton n\u00eb shum\u00eb vende evropiane dhe ballkanike, t\u00eb njohura p\u00ebr k\u00ebrkesat e tyre p\u00ebr cil\u00ebsi<\/p>\n<\/div>\n\t\t\t\t    \t\t<\/div>\n\t\t\t\t    \t<\/div><\/div><\/div><div id=\"iconbox-69e2e23d77b72\" class=\"\"><div class=\"icon-link\"><div class=\"display-table mb16 mb-xs-24 text-left\">\n\t\t\t\t    \t\t<div class=\"display-cell vertical-top\">\n\t\t\t\t    \t\t\t<i style=\"font-size:34px!important;color:#00a323;\" class=\"ti-map-alt  inline-block mb16 mr-25 ms-text icon-lg\"><\/i>\n\t\t\t\t    \t\t<\/div>\n\t\t\t\t    \t\t<div class=\"display-cell\">\n\t\t\t\t    \t\t\t<h5 style=\"font-size:22px!important;line-height:32px;text-transform: none!important;\" class=\"widgettitle mb8\">Vendndodhje Strategjike<\/h5>\n\t\t\t\t    \t\t\t<div style=\"text-transform: none!important;\" class=\"widgetsubtitle\"><\/div>\n\t\t\t\t    \t\t\t<div  class=\"icon-content\"><p>Vendndodhja e magazin\u00ebs son\u00eb \u00ebsht\u00eb n\u00eb zonat m\u00eb produktive dhe me toka pjellore n\u00eb Shqip\u00ebri, si nj\u00eb nevoj\u00eb p\u00ebr freskin\u00eb e produktit.<\/p>\n<\/div>\n\t\t\t\t    \t\t<\/div>\n\t\t\t\t    \t<\/div><\/div><\/div><div id=\"iconbox-69e2e23d77b9a\" class=\"\"><div class=\"icon-link\"><div class=\"display-table mb16 mb-xs-24 text-left\">\n\t\t\t\t    \t\t<div class=\"display-cell vertical-top\">\n\t\t\t\t    \t\t\t<i style=\"font-size:34px!important;color:#00a323;\" class=\"ti-cup  inline-block mb16 mr-25 ms-text icon-lg\"><\/i>\n\t\t\t\t    \t\t<\/div>\n\t\t\t\t    \t\t<div class=\"display-cell\">\n\t\t\t\t    \t\t\t<h5 style=\"font-size:22px!important;line-height:32px;text-transform: none!important;\" class=\"widgettitle mb8\">Besueshm\u00ebria<\/h5>\n\t\t\t\t    \t\t\t<div style=\"text-transform: none!important;\" class=\"widgetsubtitle\"><\/div>\n\t\t\t\t    \t\t\t<div  class=\"icon-content\"><p>Kompania jon\u00eb \u00ebsht\u00eb e njohur p\u00ebr t\u00eb qen\u00eb nj\u00eb burim i q\u00ebndruesh\u00ebm i besuesh\u00ebm dhe i vazhduesh\u00ebm p\u00ebr fruta dhe perime t\u00eb fresk\u00ebta.<\/p>\n<\/div>\n\t\t\t\t    \t\t<\/div>\n\t\t\t\t    \t<\/div><\/div><\/div>[\/vc_column][\/vc_row][vc_row tlg_background_style=&#8221;bg-secondary&#8221; tlg_padding=&#8221;pb0&#8243; css=&#8221;.vc_custom_1461822271369{background-color: #f7f7f7 !important;}&#8221;][vc_column]<div class=\"headings-title\"><div class=\"mb0 mb-xs-40 text-center\"><div style=\"font-size:15px;line-height:20px;text-transform: none!important;\" class=\"widgetsubtitle mb8\">Disa foto<\/div><h5 style=\"font-size:32px;line-height:42px;text-transform: none!important;\" class=\"widgettitle mb0\">Galeria<\/h5><\/div><\/div>[\/vc_column][\/vc_row][vc_row tlg_background_style=&#8221;bg-secondary&#8221; css=&#8221;.vc_custom_1461822213684{background-color: #f7f7f7 !important;}&#8221;][vc_column][vc_column_text]<\/p>\n<div class=\"lightbox-gallery mt16 third-thumbs\" data-gallery-title=\"Rreth nesh\"><ul><li><a href=\"https:\/\/www.rinaldi.al\/wp-content\/uploads\/2020\/10\/rinaldi-ltd-pepper.jpeg\" data-lightbox=\"true\" data-title=\"\"><div class=\"bg-overlay\">\n\t    \t    \t        \t\t<img decoding=\"async\" src=\"https:\/\/www.rinaldi.al\/wp-content\/uploads\/2020\/10\/rinaldi-ltd-pepper-900x600.jpeg\" alt=\"gallery-item\" \/>\n\t    \t    \t        \t\t<div class=\"bg-mask mask-white\"><i class=\"ti-plus\"><\/i><\/div>\n\t    \t    \t        \t<\/div><\/a><\/li><li><a href=\"https:\/\/www.rinaldi.al\/wp-content\/uploads\/2020\/10\/rinaldi-ltd-peppers.jpeg\" data-lightbox=\"true\" data-title=\"\"><div class=\"bg-overlay\">\n\t    \t    \t        \t\t<img decoding=\"async\" src=\"https:\/\/www.rinaldi.al\/wp-content\/uploads\/2020\/10\/rinaldi-ltd-peppers-900x600.jpeg\" alt=\"gallery-item\" \/>\n\t    \t    \t        \t\t<div class=\"bg-mask mask-white\"><i class=\"ti-plus\"><\/i><\/div>\n\t    \t    \t        \t<\/div><\/a><\/li><li><a href=\"https:\/\/www.rinaldi.al\/wp-content\/uploads\/2020\/10\/rinaldi-ltd-tomato.jpeg\" data-lightbox=\"true\" data-title=\"\"><div class=\"bg-overlay\">\n\t    \t    \t        \t\t<img decoding=\"async\" src=\"https:\/\/www.rinaldi.al\/wp-content\/uploads\/2020\/10\/rinaldi-ltd-tomato-900x600.jpeg\" alt=\"gallery-item\" \/>\n\t    \t    \t        \t\t<div class=\"bg-mask mask-white\"><i class=\"ti-plus\"><\/i><\/div>\n\t    \t    \t        \t<\/div><\/a><\/li><li><a href=\"https:\/\/www.rinaldi.al\/wp-content\/uploads\/2020\/10\/rinaldi-ltd-tomatoes.jpeg\" data-lightbox=\"true\" data-title=\"\"><div class=\"bg-overlay\">\n\t    \t    \t        \t\t<img decoding=\"async\" src=\"https:\/\/www.rinaldi.al\/wp-content\/uploads\/2020\/10\/rinaldi-ltd-tomatoes-900x600.jpeg\" alt=\"gallery-item\" \/>\n\t    \t    \t        \t\t<div class=\"bg-mask mask-white\"><i class=\"ti-plus\"><\/i><\/div>\n\t    \t    \t        \t<\/div><\/a><\/li><li><a href=\"https:\/\/www.rinaldi.al\/wp-content\/uploads\/2020\/10\/119886506_4151264128233469_3429023210447193142_n.jpg\" data-lightbox=\"true\" data-title=\"\"><div class=\"bg-overlay\">\n\t    \t    \t        \t\t<img decoding=\"async\" src=\"https:\/\/www.rinaldi.al\/wp-content\/uploads\/2020\/10\/119886506_4151264128233469_3429023210447193142_n-900x600.jpg\" alt=\"gallery-item\" \/>\n\t    \t    \t        \t\t<div class=\"bg-mask mask-white\"><i class=\"ti-plus\"><\/i><\/div>\n\t    \t    \t        \t<\/div><\/a><\/li><li><a href=\"https:\/\/www.rinaldi.al\/wp-content\/uploads\/2020\/10\/93251978_2888306584583707_5962509312407371776_n.jpg\" data-lightbox=\"true\" data-title=\"\"><div class=\"bg-overlay\">\n\t    \t    \t        \t\t<img decoding=\"async\" src=\"https:\/\/www.rinaldi.al\/wp-content\/uploads\/2020\/10\/93251978_2888306584583707_5962509312407371776_n-900x600.jpg\" alt=\"gallery-item\" \/>\n\t    \t    \t        \t\t<div class=\"bg-mask mask-white\"><i class=\"ti-plus\"><\/i><\/div>\n\t    \t    \t        \t<\/div><\/a><\/li><\/ul><\/div>\n<p>[\/vc_column_text][\/vc_column][\/vc_row][vc_row tlg_background_style=&#8221;bg-primary&#8221; tlg_padding=&#8221;pt64 pb64&#8243; css=&#8221;.vc_custom_1603620543334{background-color: #00a323 !important;}&#8221;][vc_column]<div class=\"display-table\"><div class=\"display-cell display-none-sm\"><i  class=\"fade-color ms-text mr-24 ti-headphone-alt icon\"><\/i><\/div>\n\t\t\t\t\t<div class=\"display-cell text-center-sm\">\n\t\t\t\t\t\t<div style=\"font-size:24px;line-height:34px;text-transform: none!important;\" class=\"maintitle uppercase spacing-text\">Ne punojm\u00eb ngusht\u00eb me klient\u00ebt p\u00ebr t\u00eb komunikuar p\u00ebr disponueshm\u00ebrin\u00eb e produktit dhe \u00e7mimin<\/div>\n\t\t\t\t\t\t<div style=\"text-transform: none!important;\" class=\"subtitle\">Mos ngurroni t\u00eb na pyesni p\u00ebr \u00e7do porosi ose informacion q\u00eb ju nevojitet<\/div>\n\t\t\t\t\t<\/div>\n\t\t\t\t\t<div class=\"display-cell text-center-sm text-right\"><a  id=\"btn-69e2e23d7b90b\" class=\"btn btn-filled btn-light btn-rounded  btn-lg btn-sm-sm text-center mr-0 mb0 mt-xs-24\" href= \"http:\/\/www.rinaldi.al\/sq\/contact-us\/\" target=\"_self\" >Na kontaktoni<\/a><\/div>\n\t\t\t\t<\/div>[\/vc_column][\/vc_row]<\/p>\n<\/div>","protected":false},"excerpt":{"rendered":"<p>[vc_row full_width=&#8221;stretch_row&#8221; css=&#8221;.vc_custom_1603821178926{background-position: center !important;background-repeat: no-repeat !important;background-size: cover !important;}&#8221;][vc_column][\/vc_column][\/vc_row][vc_row tlg_padding=&#8221;pb0&#8243;][vc_column][\/vc_column][\/vc_row][vc_row tlg_padding=&#8221;pt0&#8243;][vc_column width=&#8221;1\/3&#8243;][\/vc_column][vc_column width=&#8221;1\/3&#8243;][\/vc_column][vc_column width=&#8221;1\/3&#8243;][\/vc_column][\/vc_row][vc_row tlg_padding=&#8221;pt180 pb180&#8230;<\/p>\n","protected":false},"author":1,"featured_media":0,"parent":0,"menu_order":0,"comment_status":"closed","ping_status":"closed","template":"","meta":{"footnotes":""},"_links":{"self":[{"href":"https:\/\/www.rinaldi.al\/sq\/wp-json\/wp\/v2\/pages\/4506"}],"collection":[{"href":"https:\/\/www.rinaldi.al\/sq\/wp-json\/wp\/v2\/pages"}],"about":[{"href":"https:\/\/www.rinaldi.al\/sq\/wp-json\/wp\/v2\/types\/page"}],"author":[{"embeddable":true,"href":"https:\/\/www.rinaldi.al\/sq\/wp-json\/wp\/v2\/users\/1"}],"replies":[{"embeddable":true,"href":"https:\/\/www.rinaldi.al\/sq\/wp-json\/wp\/v2\/comments?post=4506"}],"version-history":[{"count":0,"href":"https:\/\/www.rinaldi.al\/sq\/wp-json\/wp\/v2\/pages\/4506\/revisions"}],"wp:attachment":[{"href":"https:\/\/www.rinaldi.al\/sq\/wp-json\/wp\/v2\/media?parent=4506"}],"curies":[{"name":"wp","href":"https:\/\/api.w.org\/{rel}","templated":true}]}}