{"id":4507,"date":"2016-02-23T14:25:14","date_gmt":"2016-02-23T14:25:14","guid":{"rendered":"http:\/\/www.rinaldi.al\/about-rinaldi-fruit-and-vegetables-export-from-albania\/"},"modified":"2020-10-31T06:39:40","modified_gmt":"2020-10-31T06:39:40","slug":"about-rinaldi-fruit-and-vegetables-export-from-albania","status":"publish","type":"page","link":"https:\/\/www.rinaldi.al\/it\/about-rinaldi-fruit-and-vegetables-export-from-albania\/","title":{"rendered":"Chi siamo"},"content":{"rendered":"<div class=\"wpb-content-wrapper\"><p>[vc_row full_width=&#8221;stretch_row&#8221; css=&#8221;.vc_custom_1603821178926{background-position: center !important;background-repeat: no-repeat !important;background-size: cover !important;}&#8221;][vc_column]<section  id=\"single-69e3185628f37\" class=\"header-single vertical-flex m0 image-bg   parallax  p0 fullscreen \" style=\"\"><div class=\"background-content\"><img loading=\"lazy\" decoding=\"async\" width=\"1920\" height=\"1080\" src=\"https:\/\/www.rinaldi.al\/wp-content\/uploads\/2020\/10\/3as.jpg\" class=\"background-image\" alt=\"\" srcset=\"https:\/\/www.rinaldi.al\/wp-content\/uploads\/2020\/10\/3as.jpg 1920w, https:\/\/www.rinaldi.al\/wp-content\/uploads\/2020\/10\/3as-300x169.jpg 300w, https:\/\/www.rinaldi.al\/wp-content\/uploads\/2020\/10\/3as-1024x576.jpg 1024w, https:\/\/www.rinaldi.al\/wp-content\/uploads\/2020\/10\/3as-768x432.jpg 768w, https:\/\/www.rinaldi.al\/wp-content\/uploads\/2020\/10\/3as-1536x864.jpg 1536w, https:\/\/www.rinaldi.al\/wp-content\/uploads\/2020\/10\/3as-600x338.jpg 600w\" sizes=\"(max-width: 1920px) 100vw, 1920px\" \/><div  class=\"background-overlay\"><\/div><\/div><div  class=\"container vertical-flex-column item-content \"><div class=\"row\"><div class=\"standard-slide col-md-10 col-md-offset-1 col-sm-12 text-right\"><h1 class=\"heading-title-bold\">Assaggia il gusto<\/h1><div class=\"lead\" >Prodotti coltivati in modo Naturale<\/div><div class=\"heading-content\"><\/div><div class=\"mt24 mt-xs-0\"><a  id=\"btn-69e3185628f38\"  class=\"btn-sm-sm btn-lg m0 btn-new btn-1 btn-1c ti-arrow-right \" href= \"http:\/\/www.rinaldi.al\/it\/our-produce\/\"  >Esploralo<\/a><\/div>\n                <\/div><\/div><\/div><script type=\"text\/javascript\">jQuery(document).ready(function(){jQuery('head').append('<style type=\"text\/css\" id=\"tlg-custom-css-single-69e3185628f37\">#single-69e3185628f37 h1{text-shadow:none;font-size:100px;line-height:110px;letter-spacing:5px!important;text-transform: uppercase!important;}#single-69e3185628f37 .lead{text-shadow:none;font-size:21px;line-height:26px;text-transform: uppercase!important;}#single-69e3185628f37 .heading-content p{text-shadow:none;text-transform: none!important;}<\/style>');});<\/script><\/section>[\/vc_column][\/vc_row][vc_row tlg_padding=&#8221;pb0&#8243;][vc_column]<div class=\"headings-title\"><div class=\"mb72 mb-xs-40 text-center\"><div style=\"font-size:15px;line-height:20px;text-transform: none!important;\" class=\"widgetsubtitle mb8\">Il tuo indirizzo unico per tutte le variet\u00e0 di frutta e verdura fresca.<\/div><h5 style=\"font-size:32px;line-height:42px;text-transform: none!important;\" class=\"widgettitle mb0\">Perch\u00e9 noi ?<\/h5><\/div><\/div>[\/vc_column][\/vc_row][vc_row tlg_padding=&#8221;pt0&#8243;][vc_column width=&#8221;1\/3&#8243;]<div id=\"iconbox-69e318562974a\" class=\"\"><div class=\"icon-link\"><a class=\"inherit\" href= \"#\" target=\"_self\" ><div class=\"relative mb0 text-center\">\n\t\t\t\t\t\t\t<div class=\"icon-image\"><img decoding=\"async\" src=\"https:\/\/www.rinaldi.al\/wp-content\/uploads\/2020\/10\/as1.jpg\" alt=\"icon-image\" \/><div class=\"image-overlay\"><i class=\"ti-check-box\"><\/i><\/div><\/div>\n\t\t\t\t\t\t\t<h5 style=\"font-size:22px!important;line-height:32px;text-transform: none!important;\" class=\"widgettitle mb0\">Gusto naturale<\/h5>\n\t\t\t\t\t\t\t<div style=\"text-transform: none!important;\" class=\"widgetsubtitle mb16\">Prodotti coltivati in modo naturale<\/div>\n\t\t\t\t\t\t\t<div  class=\"icon-content\"><p>I prodotti freschi coltivati in modo \u200b\u200bnaturale nelle fattorie albanesi, pieni di sole fanno s\u00ec che i nostri prodotti conservino il loro gusto e l&#8217;odore, facendo sentire il sapore al tuo cliente.<\/p>\n<\/div> \n\t\t\t\t\t\t<\/div><\/a><\/div><\/div><script type=\"text\/javascript\">jQuery(document).ready(function(){jQuery('head').append('<style type=\"text\/css\" id=\"tlg-custom-css-iconbox-69e318562974a\">#iconbox-69e318562974a .icon-link:hover .icon-image .image-overlay{background: rgba(0,163,35,0.8);}#iconbox-69e318562974a .icon-link:hover .widgettitle{color:#28262b!important;}<\/style>');});<\/script>[\/vc_column][vc_column width=&#8221;1\/3&#8243;]<div id=\"iconbox-69e318562ce89\" class=\"\"><div class=\"icon-link\"><a class=\"inherit\" href= \"#\" target=\"_self\" ><div class=\"relative mb0 text-center\">\n\t\t\t\t\t\t\t<div class=\"icon-image\"><img decoding=\"async\" src=\"https:\/\/www.rinaldi.al\/wp-content\/uploads\/2020\/10\/cabbage-fruit-and-vegetables-export-from-albania6-600x600.jpg\" alt=\"icon-image\" \/><div class=\"image-overlay\"><i class=\"ti-check-box\"><\/i><\/div><\/div>\n\t\t\t\t\t\t\t<h5 style=\"font-size:22px!important;line-height:32px;text-transform: none!important;\" class=\"widgettitle mb0\">Variet\u00e0 di prodotti<\/h5>\n\t\t\t\t\t\t\t<div style=\"text-transform: none!important;\" class=\"widgetsubtitle mb16\">Ampia gamma di prodotti<\/div>\n\t\t\t\t\t\t\t<div  class=\"icon-content\"><p>Il nostro clima mediterraneo e la fertile terra forniscono una vasta gamma di frutta e verdura fresca.<\/p>\n<\/div> \n\t\t\t\t\t\t<\/div><\/a><\/div><\/div><script type=\"text\/javascript\">jQuery(document).ready(function(){jQuery('head').append('<style type=\"text\/css\" id=\"tlg-custom-css-iconbox-69e318562ce89\">#iconbox-69e318562ce89 .icon-link:hover .icon-image .image-overlay{background: rgba(0,163,35,0.8);}#iconbox-69e318562ce89 .icon-link:hover .widgettitle{color:#000000!important;}<\/style>');});<\/script>[\/vc_column][vc_column width=&#8221;1\/3&#8243;]<div id=\"iconbox-69e318562db0a\" class=\"\"><div class=\"icon-link\"><a class=\"inherit\" href= \"#\" target=\"_self\" ><div class=\"relative mb0 text-center\">\n\t\t\t\t\t\t\t<div class=\"icon-image\"><img decoding=\"async\" src=\"https:\/\/www.rinaldi.al\/wp-content\/uploads\/2020\/10\/zucchinir-fruit-and-vegetables-export-from-albania1-600x600.jpg\" alt=\"icon-image\" \/><div class=\"image-overlay\"><i class=\"ti-check-box\"><\/i><\/div><\/div>\n\t\t\t\t\t\t\t<h5 style=\"font-size:22px!important;line-height:32px;text-transform: none!important;\" class=\"widgettitle mb0\">Staff professionale<\/h5>\n\t\t\t\t\t\t\t<div style=\"text-transform: none!important;\" class=\"widgetsubtitle mb16\">Team esperto<\/div>\n\t\t\t\t\t\t\t<div  class=\"icon-content\"><p>Siamo un team di professionisti esperti, che ha una profonda conoscenza per quanto riguarda l&#8217;esportazione di prodotti agricoli<\/p>\n<\/div> \n\t\t\t\t\t\t<\/div><\/a><\/div><\/div><script type=\"text\/javascript\">jQuery(document).ready(function(){jQuery('head').append('<style type=\"text\/css\" id=\"tlg-custom-css-iconbox-69e318562db0a\">#iconbox-69e318562db0a .icon-link:hover .icon-image .image-overlay{background: rgba(0,163,35,0.8);}#iconbox-69e318562db0a .icon-link:hover .widgettitle{color:#28262b!important;}<\/style>');});<\/script>[\/vc_column][\/vc_row][vc_row tlg_padding=&#8221;pt180 pb180 pt-xs-80 pb-xs-80&#8243; tlg_enable_overlay=&#8221;yes&#8221; tlg_text_align=&#8221;text-center&#8221; css=&#8221;.vc_custom_1603826059937{background-image: url(http:\/\/www.rinaldi.al\/wp-content\/uploads\/2020\/10\/sliderat5.jpg?id=4597) !important;}&#8221; tlg_bg_overlay=&#8221;#000000&#8243; tlg_bg_overlay_value=&#8221;3&#8243;][vc_column width=&#8221;1\/6&#8243;][\/vc_column][vc_column width=&#8221;2\/3&#8243;]<div class=\"headings-title\"><div class=\"mb40  mb-xs-40 text-center\"><h5 style=\"color:#ffffff!important;font-size:75px;line-height:85px;text-transform: none!important;\" class=\"widgettitle \">Prezzo competitivo<\/h5><div class=\"divider-wrap\"><div class=\"tlg-divider\"><\/div><\/div><div style=\"color:#ffffff!important;font-size:23px;line-height:28px;padding-top:35px;text-transform: none!important;\" class=\"widgetsubtitle\">L'azienda offre prezzi competitivi, il che rende redditizio importare i prodotti che raccogliamo.<\/div><\/div><\/div><div class=\"\"><a  id=\"btn-69e318562e69a\" class=\"btn btn-rounded btn-lg ti-arrow-right  btn-sm-sm\" href= \"http:\/\/www.rinaldi.al\/it\/our-produce\/\" target=\"_self\" >Esplora i prodotti<\/a><\/div>[\/vc_column][vc_column width=&#8221;1\/6&#8243;][\/vc_column][\/vc_row][vc_row full_width=&#8221;stretch_row&#8221; tlg_background_style=&#8221;bg-secondary&#8221; tlg_equal_height=&#8221;equal-height&#8221; css=&#8221;.vc_custom_1461811332038{background-color: #f7f7f7 !important;}&#8221;][vc_column width=&#8221;1\/3&#8243; css=&#8221;.vc_custom_1603607140762{padding-top: 80px !important;padding-right: 80px !important;padding-bottom: 60px !important;padding-left: 80px !important;background-color: #00a323 !important;}&#8221;]<div class=\"headings-title\"><div class=\"mb16 mb-xs-40 text-left\"><div style=\"color:#ffffff!important;text-transform: none!important;\" class=\"widgetsubtitle mb8\">La nostra azienda<\/div><h5 style=\"color:#ffffff!important;font-size:22px;line-height:32px;text-transform: none!important;\" class=\"widgettitle mb0\">Di pi\u00f9 su di noi<\/h5><\/div><\/div>[vc_column_text el_class=&#8221;color-white&#8221;]Rinaldi l.t.d \u00e8 una giovane azienda albanese, nata nel 2015, ma i suoi fondatori hanno un&#8217;esperienza professionale di una vita nel settore agricolo.<\/p>\n<p>La societ\u00e0 \u00e8 registrata con il numero di identificazione NUIS L53409401T presso l&#8217;Agenzia Fiscale albanese<br \/>\nL&#8217;azienda si trova in due delle zone pi\u00f9 produttive dell&#8217;Albania, Velmish e Lushnje per essere vicino alle fattorie e garantire la freschezza dei prodotti.[\/vc_column_text]<div class=\"\"><a  id=\"btn-69e318562e701\" class=\"btn btn-filled btn-light btn-rounded  ti-arrow-right  btn-sm-sm\" href= \"http:\/\/www.rinaldi.al\/it\/contact-us\/\" target=\"_self\" >Contattaci<\/a><\/div>[\/vc_column][vc_column width=&#8221;1\/3&#8243; css=&#8221;.vc_custom_1461722476368{padding-top: 80px !important;padding-right: 40px !important;padding-bottom: 80px !important;padding-left: 80px !important;}&#8221;]<div id=\"iconbox-69e318562e72f\" class=\"\"><div class=\"icon-link\"><div class=\"display-table mb16 mb-xs-24 text-left\">\n\t\t\t\t    \t\t<div class=\"display-cell vertical-top\">\n\t\t\t\t    \t\t\t<i style=\"font-size:34px!important;color:#00a323;\" class=\"ti-user  inline-block mb16 mr-25 ms-text icon-lg\"><\/i>\n\t\t\t\t    \t\t<\/div>\n\t\t\t\t    \t\t<div class=\"display-cell\">\n\t\t\t\t    \t\t\t<h5 style=\"font-size:22px!important;line-height:32px;text-transform: none!important;\" class=\"widgettitle mb8\">Contatto diretto<\/h5>\n\t\t\t\t    \t\t\t<div style=\"text-transform: none!important;\" class=\"widgetsubtitle\"><\/div>\n\t\t\t\t    \t\t\t<div  class=\"icon-content\"><p>Per Rinaldi l.t.d il contatto diretto con il produttore \u00e8 fondamentale.<\/p>\n<\/div>\n\t\t\t\t    \t\t<\/div>\n\t\t\t\t    \t<\/div><\/div><\/div><div id=\"iconbox-69e318562e765\" class=\"\"><div class=\"icon-link\"><div class=\"display-table mb16 mb-xs-24 text-left\">\n\t\t\t\t    \t\t<div class=\"display-cell vertical-top\">\n\t\t\t\t    \t\t\t<i style=\"font-size:34px!important;color:#00a323;\" class=\"ti-unlink  inline-block mb16 mr-25 ms-text icon-lg\"><\/i>\n\t\t\t\t    \t\t<\/div>\n\t\t\t\t    \t\t<div class=\"display-cell\">\n\t\t\t\t    \t\t\t<h5 style=\"font-size:22px!important;line-height:32px;text-transform: none!important;\" class=\"widgettitle mb8\">Direttamente dal coltivatore<\/h5>\n\t\t\t\t    \t\t\t<div style=\"text-transform: none!important;\" class=\"widgetsubtitle\"><\/div>\n\t\t\t\t    \t\t\t<div  class=\"icon-content\"><p>Applichiamo una filiera corta nella distribuzione, dal campo direttamente al tuo cliente.<\/p>\n<\/div>\n\t\t\t\t    \t\t<\/div>\n\t\t\t\t    \t<\/div><\/div><\/div><div id=\"iconbox-69e318562e793\" class=\"\"><div class=\"icon-link\"><div class=\"display-table mb16 mb-xs-24 text-left\">\n\t\t\t\t    \t\t<div class=\"display-cell vertical-top\">\n\t\t\t\t    \t\t\t<i style=\"font-size:34px!important;color:#00a323;\" class=\"ti-pencil-alt  inline-block mb16 mr-25 ms-text icon-lg\"><\/i>\n\t\t\t\t    \t\t<\/div>\n\t\t\t\t    \t\t<div class=\"display-cell\">\n\t\t\t\t    \t\t\t<h5 style=\"font-size:22px!important;line-height:32px;text-transform: none!important;\" class=\"widgettitle mb8\">Imballaggio<\/h5>\n\t\t\t\t    \t\t\t<div style=\"text-transform: none!important;\" class=\"widgetsubtitle\"><\/div>\n\t\t\t\t    \t\t\t<div  class=\"icon-content\"><p>Forniamo imballaggi e imballaggi personalizzati, adattati alle esigenze dei clienti<\/p>\n<\/div>\n\t\t\t\t    \t\t<\/div>\n\t\t\t\t    \t<\/div><\/div><\/div>[\/vc_column][vc_column width=&#8221;1\/3&#8243; css=&#8221;.vc_custom_1461722499445{padding-top: 80px !important;padding-right: 80px !important;padding-bottom: 80px !important;padding-left: 40px !important;}&#8221;]<div id=\"iconbox-69e318562e7be\" class=\"\"><div class=\"icon-link\"><div class=\"display-table mb16 mb-xs-24 text-left\">\n\t\t\t\t    \t\t<div class=\"display-cell vertical-top\">\n\t\t\t\t    \t\t\t<i style=\"font-size:34px!important;color:#00a323;\" class=\"ti-truck  inline-block mb16 mr-25 ms-text icon-lg\"><\/i>\n\t\t\t\t    \t\t<\/div>\n\t\t\t\t    \t\t<div class=\"display-cell\">\n\t\t\t\t    \t\t\t<h5 style=\"font-size:22px!important;line-height:32px;text-transform: none!important;\" class=\"widgettitle mb8\">Esportiamo in Europa<\/h5>\n\t\t\t\t    \t\t\t<div style=\"text-transform: none!important;\" class=\"widgetsubtitle\"><\/div>\n\t\t\t\t    \t\t\t<div  class=\"icon-content\"><p>La nostra azienda esporta in molti paesi europei e balcanici, noti per i loro requisiti di qualit\u00e0<\/p>\n<\/div>\n\t\t\t\t    \t\t<\/div>\n\t\t\t\t    \t<\/div><\/div><\/div><div id=\"iconbox-69e318562e7e7\" class=\"\"><div class=\"icon-link\"><div class=\"display-table mb16 mb-xs-24 text-left\">\n\t\t\t\t    \t\t<div class=\"display-cell vertical-top\">\n\t\t\t\t    \t\t\t<i style=\"font-size:34px!important;color:#00a323;\" class=\"ti-map-alt  inline-block mb16 mr-25 ms-text icon-lg\"><\/i>\n\t\t\t\t    \t\t<\/div>\n\t\t\t\t    \t\t<div class=\"display-cell\">\n\t\t\t\t    \t\t\t<h5 style=\"font-size:22px!important;line-height:32px;text-transform: none!important;\" class=\"widgettitle mb8\">Posizioni strategiche<\/h5>\n\t\t\t\t    \t\t\t<div style=\"text-transform: none!important;\" class=\"widgetsubtitle\"><\/div>\n\t\t\t\t    \t\t\t<div  class=\"icon-content\"><p>I nostri magazzini sono nelle zone pi\u00f9 produttive e pi\u00f9 fertili in Albania, per necessit\u00e0 di freschezza del prodotto.<\/p>\n<\/div>\n\t\t\t\t    \t\t<\/div>\n\t\t\t\t    \t<\/div><\/div><\/div><div id=\"iconbox-69e318562e811\" class=\"\"><div class=\"icon-link\"><div class=\"display-table mb16 mb-xs-24 text-left\">\n\t\t\t\t    \t\t<div class=\"display-cell vertical-top\">\n\t\t\t\t    \t\t\t<i style=\"font-size:34px!important;color:#00a323;\" class=\"ti-cup  inline-block mb16 mr-25 ms-text icon-lg\"><\/i>\n\t\t\t\t    \t\t<\/div>\n\t\t\t\t    \t\t<div class=\"display-cell\">\n\t\t\t\t    \t\t\t<h5 style=\"font-size:22px!important;line-height:32px;text-transform: none!important;\" class=\"widgettitle mb8\">Affidabilit\u00e0<\/h5>\n\t\t\t\t    \t\t\t<div style=\"text-transform: none!important;\" class=\"widgetsubtitle\"><\/div>\n\t\t\t\t    \t\t\t<div  class=\"icon-content\"><p>La nostra azienda \u00e8 nota per essere una fonte affidabile e costante di frutta e verdura fresca.<\/p>\n<\/div>\n\t\t\t\t    \t\t<\/div>\n\t\t\t\t    \t<\/div><\/div><\/div>[\/vc_column][\/vc_row][vc_row tlg_background_style=&#8221;bg-secondary&#8221; tlg_padding=&#8221;pb0&#8243; css=&#8221;.vc_custom_1461822271369{background-color: #f7f7f7 !important;}&#8221;][vc_column]<div class=\"headings-title\"><div class=\"mb0 mb-xs-40 text-center\"><div style=\"font-size:15px;line-height:20px;text-transform: none!important;\" class=\"widgetsubtitle mb8\">Qualche foto<\/div><h5 style=\"font-size:32px;line-height:42px;text-transform: none!important;\" class=\"widgettitle mb0\">Galleria<\/h5><\/div><\/div>[\/vc_column][\/vc_row][vc_row tlg_background_style=&#8221;bg-secondary&#8221; css=&#8221;.vc_custom_1461822213684{background-color: #f7f7f7 !important;}&#8221;][vc_column][vc_column_text]<\/p>\n<div class=\"lightbox-gallery mt16 third-thumbs\" data-gallery-title=\"Chi siamo\"><ul><li><a href=\"https:\/\/www.rinaldi.al\/wp-content\/uploads\/2020\/10\/rinaldi-ltd-pepper.jpeg\" data-lightbox=\"true\" data-title=\"\"><div class=\"bg-overlay\">\n\t    \t    \t        \t\t<img decoding=\"async\" src=\"https:\/\/www.rinaldi.al\/wp-content\/uploads\/2020\/10\/rinaldi-ltd-pepper-900x600.jpeg\" alt=\"gallery-item\" \/>\n\t    \t    \t        \t\t<div class=\"bg-mask mask-white\"><i class=\"ti-plus\"><\/i><\/div>\n\t    \t    \t        \t<\/div><\/a><\/li><li><a href=\"https:\/\/www.rinaldi.al\/wp-content\/uploads\/2020\/10\/rinaldi-ltd-peppers.jpeg\" data-lightbox=\"true\" data-title=\"\"><div class=\"bg-overlay\">\n\t    \t    \t        \t\t<img decoding=\"async\" src=\"https:\/\/www.rinaldi.al\/wp-content\/uploads\/2020\/10\/rinaldi-ltd-peppers-900x600.jpeg\" alt=\"gallery-item\" \/>\n\t    \t    \t        \t\t<div class=\"bg-mask mask-white\"><i class=\"ti-plus\"><\/i><\/div>\n\t    \t    \t        \t<\/div><\/a><\/li><li><a href=\"https:\/\/www.rinaldi.al\/wp-content\/uploads\/2020\/10\/rinaldi-ltd-tomato.jpeg\" data-lightbox=\"true\" data-title=\"\"><div class=\"bg-overlay\">\n\t    \t    \t        \t\t<img decoding=\"async\" src=\"https:\/\/www.rinaldi.al\/wp-content\/uploads\/2020\/10\/rinaldi-ltd-tomato-900x600.jpeg\" alt=\"gallery-item\" \/>\n\t    \t    \t        \t\t<div class=\"bg-mask mask-white\"><i class=\"ti-plus\"><\/i><\/div>\n\t    \t    \t        \t<\/div><\/a><\/li><li><a href=\"https:\/\/www.rinaldi.al\/wp-content\/uploads\/2020\/10\/rinaldi-ltd-tomatoes.jpeg\" data-lightbox=\"true\" data-title=\"\"><div class=\"bg-overlay\">\n\t    \t    \t        \t\t<img decoding=\"async\" src=\"https:\/\/www.rinaldi.al\/wp-content\/uploads\/2020\/10\/rinaldi-ltd-tomatoes-900x600.jpeg\" alt=\"gallery-item\" \/>\n\t    \t    \t        \t\t<div class=\"bg-mask mask-white\"><i class=\"ti-plus\"><\/i><\/div>\n\t    \t    \t        \t<\/div><\/a><\/li><li><a href=\"https:\/\/www.rinaldi.al\/wp-content\/uploads\/2020\/10\/119886506_4151264128233469_3429023210447193142_n.jpg\" data-lightbox=\"true\" data-title=\"\"><div class=\"bg-overlay\">\n\t    \t    \t        \t\t<img decoding=\"async\" src=\"https:\/\/www.rinaldi.al\/wp-content\/uploads\/2020\/10\/119886506_4151264128233469_3429023210447193142_n-900x600.jpg\" alt=\"gallery-item\" \/>\n\t    \t    \t        \t\t<div class=\"bg-mask mask-white\"><i class=\"ti-plus\"><\/i><\/div>\n\t    \t    \t        \t<\/div><\/a><\/li><li><a href=\"https:\/\/www.rinaldi.al\/wp-content\/uploads\/2020\/10\/93251978_2888306584583707_5962509312407371776_n.jpg\" data-lightbox=\"true\" data-title=\"\"><div class=\"bg-overlay\">\n\t    \t    \t        \t\t<img decoding=\"async\" src=\"https:\/\/www.rinaldi.al\/wp-content\/uploads\/2020\/10\/93251978_2888306584583707_5962509312407371776_n-900x600.jpg\" alt=\"gallery-item\" \/>\n\t    \t    \t        \t\t<div class=\"bg-mask mask-white\"><i class=\"ti-plus\"><\/i><\/div>\n\t    \t    \t        \t<\/div><\/a><\/li><\/ul><\/div>\n<p>[\/vc_column_text][\/vc_column][\/vc_row][vc_row tlg_background_style=&#8221;bg-primary&#8221; tlg_padding=&#8221;pt64 pb64&#8243; css=&#8221;.vc_custom_1603620543334{background-color: #00a323 !important;}&#8221;][vc_column]<div class=\"display-table\"><div class=\"display-cell display-none-sm\"><i  class=\"fade-color ms-text mr-24 ti-headphone-alt icon\"><\/i><\/div>\n\t\t\t\t\t<div class=\"display-cell text-center-sm\">\n\t\t\t\t\t\t<div style=\"font-size:24px;line-height:34px;text-transform: none!important;\" class=\"maintitle uppercase spacing-text\">Lavoriamo a stretto contatto con i clienti per comunicare la disponibilit\u00e0 e il prezzo del prodotto<\/div>\n\t\t\t\t\t\t<div style=\"text-transform: none!important;\" class=\"subtitle\">Sentiti libero di chiederci qualsiasi domanda o informazione di cui hai bisogno<\/div>\n\t\t\t\t\t<\/div>\n\t\t\t\t\t<div class=\"display-cell text-center-sm text-right\"><a  id=\"btn-69e3185633079\" class=\"btn btn-filled btn-light btn-rounded  btn-lg btn-sm-sm text-center mr-0 mb0 mt-xs-24\" href= \"http:\/\/www.rinaldi.al\/it\/contact-us\/\" target=\"_self\" >Contattaci<\/a><\/div>\n\t\t\t\t<\/div>[\/vc_column][\/vc_row]<\/p>\n<\/div>","protected":false},"excerpt":{"rendered":"<p>[vc_row full_width=&#8221;stretch_row&#8221; css=&#8221;.vc_custom_1603821178926{background-position: center !important;background-repeat: no-repeat !important;background-size: cover !important;}&#8221;][vc_column][\/vc_column][\/vc_row][vc_row tlg_padding=&#8221;pb0&#8243;][vc_column][\/vc_column][\/vc_row][vc_row tlg_padding=&#8221;pt0&#8243;][vc_column width=&#8221;1\/3&#8243;][\/vc_column][vc_column width=&#8221;1\/3&#8243;][\/vc_column][vc_column width=&#8221;1\/3&#8243;][\/vc_column][\/vc_row][vc_row tlg_padding=&#8221;pt180 pb180&#8230;<\/p>\n","protected":false},"author":1,"featured_media":0,"parent":0,"menu_order":0,"comment_status":"closed","ping_status":"closed","template":"","meta":{"footnotes":""},"_links":{"self":[{"href":"https:\/\/www.rinaldi.al\/it\/wp-json\/wp\/v2\/pages\/4507"}],"collection":[{"href":"https:\/\/www.rinaldi.al\/it\/wp-json\/wp\/v2\/pages"}],"about":[{"href":"https:\/\/www.rinaldi.al\/it\/wp-json\/wp\/v2\/types\/page"}],"author":[{"embeddable":true,"href":"https:\/\/www.rinaldi.al\/it\/wp-json\/wp\/v2\/users\/1"}],"replies":[{"embeddable":true,"href":"https:\/\/www.rinaldi.al\/it\/wp-json\/wp\/v2\/comments?post=4507"}],"version-history":[{"count":0,"href":"https:\/\/www.rinaldi.al\/it\/wp-json\/wp\/v2\/pages\/4507\/revisions"}],"wp:attachment":[{"href":"https:\/\/www.rinaldi.al\/it\/wp-json\/wp\/v2\/media?parent=4507"}],"curies":[{"name":"wp","href":"https:\/\/api.w.org\/{rel}","templated":true}]}}